{"id":2,"date":"2014-04-13T10:05:23","date_gmt":"2014-04-13T10:05:23","guid":{"rendered":"http:\/\/alpenlandmagazin.at\/berlinerhoehenweg\/?page_id=2"},"modified":"2015-07-22T09:25:02","modified_gmt":"2015-07-22T09:25:02","slug":"beispiel-seite","status":"publish","type":"page","link":"https:\/\/alpenlandmagazin.at\/berlinerhoehenweg\/?page_id=2","title":{"rendered":"Das Projekt"},"content":{"rendered":"<p>Im Juli 2014 machten sich eine Freundin und ich auf den Weg, den Berliner H\u00f6henweg zu bezwingen. Es handelt sich dabei um einen hochalpinen Weitwanderweg im Zillertal (siehe <a title=\"Der Weg\" href=\"http:\/\/alpenlandmagazin.at\/berlinerhoehenweg\/?page_id=444\">Der Weg<\/a>), der in 8 Tagesetappen rund 85\u00a0km und ca.\u00a06.000 H\u00f6henmeter im Aufstieg \u00fcberwindet. Der Berliner H\u00f6henweg ist also ein durchaus gr\u00f6\u00dferes, aber sehr lohnendes Unterfangen.<\/p>\n<p>Auf diesen Seiten, die sozusagen ein Sonderthema des <a href=\"http:\/\/www.alpenlandmagazin.at\">ALPENLAND|magazin<\/a>\u00a0darstellen, m\u00f6chte ich nicht nur den Weg detaillierter pr\u00e4sentieren, sondern auch f\u00fcr die Planung wichtige Informationen bereitstellen, sodass der geneigte Leser im Falle einer Begehung des Weges hier alle Facts im Sinne eines One-Stop-Shops findet.<\/p>\n<p>Leider mussten wir 2014 aus Wettergr\u00fcnden und aufgrund eines famili\u00e4ren Schicksalsschlages meiner Bergpartnerin nach der 4. Etappe und einem Tag Festsitzen im Furtschaglhaus aufgrund einer Mure,\u00a0die\u00a0den R\u00fcckweg abschnitt, abbrechen. Den Rest des Weges begingen wir daher 2015 bei perfektem Wetter und vollendeten damit das Projekt.<\/p>\n","protected":false},"excerpt":{"rendered":"<p>Im Juli 2014 machten sich eine Freundin und ich auf den Weg, den Berliner H\u00f6henweg zu bezwingen. Es handelt sich dabei um einen hochalpinen Weitwanderweg im Zillertal (siehe Der Weg), der in 8 Tagesetappen rund 85\u00a0km und ca.\u00a06.000 H\u00f6henmeter im Aufstieg \u00fcberwindet. Der Berliner H\u00f6henweg ist also ein durchaus gr\u00f6\u00dferes, aber sehr lohnendes Unterfangen. Auf [&hellip;]<\/p>\n","protected":false},"author":1,"featured_media":0,"parent":0,"menu_order":0,"comment_status":"open","ping_status":"open","template":"","meta":{"ngg_post_thumbnail":0,"footnotes":""},"class_list":["post-2","page","type-page","status-publish","hentry"],"_links":{"self":[{"href":"https:\/\/alpenlandmagazin.at\/berlinerhoehenweg\/index.php?rest_route=\/wp\/v2\/pages\/2","targetHints":{"allow":["GET"]}}],"collection":[{"href":"https:\/\/alpenlandmagazin.at\/berlinerhoehenweg\/index.php?rest_route=\/wp\/v2\/pages"}],"about":[{"href":"https:\/\/alpenlandmagazin.at\/berlinerhoehenweg\/index.php?rest_route=\/wp\/v2\/types\/page"}],"author":[{"embeddable":true,"href":"https:\/\/alpenlandmagazin.at\/berlinerhoehenweg\/index.php?rest_route=\/wp\/v2\/users\/1"}],"replies":[{"embeddable":true,"href":"https:\/\/alpenlandmagazin.at\/berlinerhoehenweg\/index.php?rest_route=%2Fwp%2Fv2%2Fcomments&post=2"}],"version-history":[{"count":9,"href":"https:\/\/alpenlandmagazin.at\/berlinerhoehenweg\/index.php?rest_route=\/wp\/v2\/pages\/2\/revisions"}],"predecessor-version":[{"id":746,"href":"https:\/\/alpenlandmagazin.at\/berlinerhoehenweg\/index.php?rest_route=\/wp\/v2\/pages\/2\/revisions\/746"}],"wp:attachment":[{"href":"https:\/\/alpenlandmagazin.at\/berlinerhoehenweg\/index.php?rest_route=%2Fwp%2Fv2%2Fmedia&parent=2"}],"curies":[{"name":"wp","href":"https:\/\/api.w.org\/{rel}","templated":true}]}}