{"id":441,"date":"2014-08-03T00:21:35","date_gmt":"2014-08-03T00:21:35","guid":{"rendered":"http:\/\/alpenlandmagazin.at\/berlinerhoehenweg\/?page_id=441"},"modified":"2015-07-20T20:06:42","modified_gmt":"2015-07-20T20:06:42","slug":"die-huetten","status":"publish","type":"page","link":"https:\/\/alpenlandmagazin.at\/berlinerhoehenweg\/?page_id=441","title":{"rendered":"Die H\u00fctten"},"content":{"rendered":"<p>Die Tagesetappen am Berliner H\u00f6henweg f\u00fchren von H\u00fctte zu H\u00fctte. Und zwar sind dies:<\/p>\n<ul>\n<li>Gamsh\u00fctte<br \/>\n<a href=\"http:\/\/www.gamshuette.at\" target=\"_blank\">www.gamshuette.at<\/a>, 1.921 m,\u00a0+43-676-3437741,\u00a038 Schlafpl\u00e4tze, kein Warmwasser.<\/li>\n<li>Friesenberghaus<br \/>\n<a href=\"http:\/\/www.friesenberghaus.com\" target=\"_blank\">www.friesenberghaus.com<\/a>, 2.498 m,\u00a0+43-676-7497550, 66 Schlafpl\u00e4tze.<\/li>\n<li>Olpererh\u00fctte<br \/>\n<a href=\"http:\/\/www.olpererhuette.de\" target=\"_blank\">www.olpererh\u00fctte.de<\/a>, 2.389 m,\u00a0+43-664-4176566, 60 Schlafpl\u00e4tze.<\/li>\n<li>Furtschaglhaus<br \/>\n<a href=\"http:\/\/www.furtschaglhaus.com\" target=\"_blank\">www.furtschaglhaus.com<\/a>, 2.295 m,\u00a0+43-676-9646350, 120 Schlafpl\u00e4tze.<\/li>\n<li>Berliner H\u00fctte<br \/>\n<a href=\"http:\/\/www.berlinerh\u00fctte.at\" target=\"_blank\">www.berlinerh\u00fctte.at<\/a>, 2.042 m, +43-664-9136434 (oder\u00a0+43-676-7051473), 177 Schlafpl\u00e4tze<\/li>\n<li>Greizer H\u00fctte<br \/>\n<a href=\"http:\/\/www.alpenverein-greiz.de\/huetten-einrichtungen\/greizer-huette\/\" target=\"_blank\">Link\u00a0auf DAV<\/a>, 2.227 m, +43-664-1405003, 88 Schlafpl\u00e4tze<\/li>\n<li>Kasseler H\u00fctte<br \/>\n<a href=\"http:\/\/www.alpenverein.at\/huetten\/?huette_nr=0579\" target=\"_blank\">Link auf \u00d6AV<\/a>, 2.165 m,\u00a0+43-664-4016033 (oder\u00a0+49-170-5361967), 96 Schlafpl\u00e4tze<\/li>\n<\/ul>\n<p>Schlafpl\u00e4tze = Summe aus Zimmerlager und Matratzenlager.<\/p>\n","protected":false},"excerpt":{"rendered":"<p>Die Tagesetappen am Berliner H\u00f6henweg f\u00fchren von H\u00fctte zu H\u00fctte. Und zwar sind dies: Gamsh\u00fctte www.gamshuette.at, 1.921 m,\u00a0+43-676-3437741,\u00a038 Schlafpl\u00e4tze, kein Warmwasser. Friesenberghaus www.friesenberghaus.com, 2.498 m,\u00a0+43-676-7497550, 66 Schlafpl\u00e4tze. Olpererh\u00fctte www.olpererh\u00fctte.de, 2.389 m,\u00a0+43-664-4176566, 60 Schlafpl\u00e4tze. Furtschaglhaus www.furtschaglhaus.com, 2.295 m,\u00a0+43-676-9646350, 120 Schlafpl\u00e4tze. Berliner H\u00fctte www.berlinerh\u00fctte.at, 2.042 m, +43-664-9136434 (oder\u00a0+43-676-7051473), 177 Schlafpl\u00e4tze Greizer H\u00fctte Link\u00a0auf DAV, 2.227 m, +43-664-1405003, [&hellip;]<\/p>\n","protected":false},"author":1,"featured_media":0,"parent":0,"menu_order":0,"comment_status":"open","ping_status":"open","template":"","meta":{"ngg_post_thumbnail":0,"footnotes":""},"class_list":["post-441","page","type-page","status-publish","hentry"],"_links":{"self":[{"href":"https:\/\/alpenlandmagazin.at\/berlinerhoehenweg\/index.php?rest_route=\/wp\/v2\/pages\/441","targetHints":{"allow":["GET"]}}],"collection":[{"href":"https:\/\/alpenlandmagazin.at\/berlinerhoehenweg\/index.php?rest_route=\/wp\/v2\/pages"}],"about":[{"href":"https:\/\/alpenlandmagazin.at\/berlinerhoehenweg\/index.php?rest_route=\/wp\/v2\/types\/page"}],"author":[{"embeddable":true,"href":"https:\/\/alpenlandmagazin.at\/berlinerhoehenweg\/index.php?rest_route=\/wp\/v2\/users\/1"}],"replies":[{"embeddable":true,"href":"https:\/\/alpenlandmagazin.at\/berlinerhoehenweg\/index.php?rest_route=%2Fwp%2Fv2%2Fcomments&post=441"}],"version-history":[{"count":2,"href":"https:\/\/alpenlandmagazin.at\/berlinerhoehenweg\/index.php?rest_route=\/wp\/v2\/pages\/441\/revisions"}],"predecessor-version":[{"id":482,"href":"https:\/\/alpenlandmagazin.at\/berlinerhoehenweg\/index.php?rest_route=\/wp\/v2\/pages\/441\/revisions\/482"}],"wp:attachment":[{"href":"https:\/\/alpenlandmagazin.at\/berlinerhoehenweg\/index.php?rest_route=%2Fwp%2Fv2%2Fmedia&parent=441"}],"curies":[{"name":"wp","href":"https:\/\/api.w.org\/{rel}","templated":true}]}}