{"id":444,"date":"2014-08-03T00:23:19","date_gmt":"2014-08-03T00:23:19","guid":{"rendered":"http:\/\/alpenlandmagazin.at\/berlinerhoehenweg\/?page_id=444"},"modified":"2015-07-20T20:05:11","modified_gmt":"2015-07-20T20:05:11","slug":"der-weg","status":"publish","type":"page","link":"https:\/\/alpenlandmagazin.at\/berlinerhoehenweg\/?page_id=444","title":{"rendered":"Der Weg"},"content":{"rendered":"<p>Der Berliner H\u00f6henweg ist ein Hochgebirgs-Weitwanderweg in den Zillertaler Alpen. Ausgehend von Mayrhofen \u00fcberwindet er in 8\u00a0Tagesetappen etwa 85\u00a0km und rund 6.000 H\u00f6henmeter im Aufstieg.<\/p>\n<ul>\n<li>Finkenberg\u00a0\u2013\u00a0Gamsh\u00fctte<\/li>\n<\/ul>\n<dl>\n<dd>\u00dcber den\u00a0<i>Hermann-Hecht-Weg<\/i>\u00a0erreicht man die Gamsh\u00fctte. Gehzeit inkl. Pausen 3,75\u00a0Stunden, rund 1.000\u00a0H\u00f6henmeter (Hm) im Aufstieg, ca. 8,5 km.<\/dd>\n<\/dl>\n<ul>\n<li>Gamsh\u00fctte \u2013\u00a0Friesenberghaus<\/li>\n<\/ul>\n<dl>\n<dd>Diese Etappe ist mit etwa 18 km die l\u00e4ngste und anspruchsvollste. Der Weg, der auf etwa 2.000 m H\u00f6he verl\u00e4uft, ist s\u00fcdwest-exponiert, was im Hochsommer maximale Sonneneinstrahlung bedeutet. Wird weniger begangen.\u00a0Aufstieg ca. 1.400 Hm, Abstieg ca. 700\u00a0Hm, Gehzeit inkl. Pausen ca. 11\u00a0Stunden.<\/dd>\n<\/dl>\n<ul>\n<li>Friesenberghaus \u2013\u00a0Olpererh\u00fctte<\/li>\n<\/ul>\n<dl>\n<dd>Dies ist die k\u00fcrzeste Etappe. Aufstieg 200\u00a0Hm, Abstieg 250 Hm, Gehzeit inkl. Pausen ca. 3 Stunden, ca. 5 km.<\/dd>\n<\/dl>\n<ul>\n<li>Olpererh\u00fctte \u2013\u00a0Furtschaglhaus<\/li>\n<\/ul>\n<dl>\n<dd>Diese Etappe des Weges f\u00fchrt entlang des\u00a0Schlegeisspeichers\u00a0auf einer Fahrstra\u00dfe s\u00fcd\u00f6stlich in Richtung\u00a0<i>Furtschaglboden<\/i>. Abstieg 700\u00a0Hm, Aufstieg 570 Hm, Gehzeit inkl. Pausen ca. 5\u00a0Stunden, ca. 13 km.<\/dd>\n<\/dl>\n<ul>\n<li>Furtschaglhaus \u2013\u00a0Berliner H\u00fctte<\/li>\n<\/ul>\n<dl>\n<dd>Am\u00a0Sch\u00f6nbichler Horn\u00a0wird mit 3.134\u00a0m die h\u00f6chste Stelle des Berliner H\u00f6henweges erreicht. Im Gipfelbereich sind Drahtseilversicherungen als Steighilfen vorhanden. Diese Etappe ist teilweise\u00a0ausgesetzt\u00a0und anspruchsvoll. Aufstieg 860 Hm, Abstieg 1.140 Hm, Gehzeit inkl. Pausen ca. 9\u00a0Stunden, ca. 10km<\/dd>\n<\/dl>\n<ul>\n<li>Berliner H\u00fctte \u2013\u00a0Greizer H\u00fctte<\/li>\n<\/ul>\n<dl>\n<dd>\u00dcber die\u00a0<i>M\u00f6rchenscharte<\/i>\u00a0(2.872 m, Sicherungsseile, sp\u00e4ter auch Aluleiter) hinab zum\u00a0<i>Floitengrund<\/i>\u00a0dann hinauf zur Greizer H\u00fctte. Ebenfalls sehr anspruchsvolle Etappe. Aufstieg 1.180 Hm, Abstieg 1.040 m, Gehzeit inkl. Pausen ca. 10\u00a0Stunde, ca. 12,5 km.<\/dd>\n<\/dl>\n<ul>\n<li>Greizer H\u00fctte \u2013\u00a0Kasseler H\u00fctte<\/li>\n<\/ul>\n<dl>\n<dd>\u00dcber die\u00a0<i>Lapenscharte<\/i>, hinab ins\u00a0<i>Lapenkar<\/i>, zur\u00a0<i>Elsenklamm<\/i>\u00a0(Seilversicherung) ziemlich eben zur Kasseler H\u00fctte. Aufstieg 730\u00a0m, Abstieg 690\u00a0m, Gehzeit inkl. Pausen ca. 9,5\u00a0Stunden, ca. 12 km.<\/dd>\n<\/dl>\n<ul>\n<li>Abstieg<\/li>\n<\/ul>\n<dl>\n<dd>Abstieg zur Gr\u00fcne-Wand-H\u00fctte und R\u00fcckfahrt mit Shuttle nach Mayrhofen.\u00a0Abstieg 690\u00a0Hm, Gehzeit 2\u00a0Stunden, ca. 5 km.<\/dd>\n<\/dl>\n","protected":false},"excerpt":{"rendered":"<p>Der Berliner H\u00f6henweg ist ein Hochgebirgs-Weitwanderweg in den Zillertaler Alpen. Ausgehend von Mayrhofen \u00fcberwindet er in 8\u00a0Tagesetappen etwa 85\u00a0km und rund 6.000 H\u00f6henmeter im Aufstieg. Finkenberg\u00a0\u2013\u00a0Gamsh\u00fctte \u00dcber den\u00a0Hermann-Hecht-Weg\u00a0erreicht man die Gamsh\u00fctte. Gehzeit inkl. Pausen 3,75\u00a0Stunden, rund 1.000\u00a0H\u00f6henmeter (Hm) im Aufstieg, ca. 8,5 km. Gamsh\u00fctte \u2013\u00a0Friesenberghaus Diese Etappe ist mit etwa 18 km die l\u00e4ngste und [&hellip;]<\/p>\n","protected":false},"author":1,"featured_media":0,"parent":0,"menu_order":0,"comment_status":"open","ping_status":"open","template":"","meta":{"ngg_post_thumbnail":0,"footnotes":""},"class_list":["post-444","page","type-page","status-publish","hentry"],"_links":{"self":[{"href":"https:\/\/alpenlandmagazin.at\/berlinerhoehenweg\/index.php?rest_route=\/wp\/v2\/pages\/444","targetHints":{"allow":["GET"]}}],"collection":[{"href":"https:\/\/alpenlandmagazin.at\/berlinerhoehenweg\/index.php?rest_route=\/wp\/v2\/pages"}],"about":[{"href":"https:\/\/alpenlandmagazin.at\/berlinerhoehenweg\/index.php?rest_route=\/wp\/v2\/types\/page"}],"author":[{"embeddable":true,"href":"https:\/\/alpenlandmagazin.at\/berlinerhoehenweg\/index.php?rest_route=\/wp\/v2\/users\/1"}],"replies":[{"embeddable":true,"href":"https:\/\/alpenlandmagazin.at\/berlinerhoehenweg\/index.php?rest_route=%2Fwp%2Fv2%2Fcomments&post=444"}],"version-history":[{"count":6,"href":"https:\/\/alpenlandmagazin.at\/berlinerhoehenweg\/index.php?rest_route=\/wp\/v2\/pages\/444\/revisions"}],"predecessor-version":[{"id":481,"href":"https:\/\/alpenlandmagazin.at\/berlinerhoehenweg\/index.php?rest_route=\/wp\/v2\/pages\/444\/revisions\/481"}],"wp:attachment":[{"href":"https:\/\/alpenlandmagazin.at\/berlinerhoehenweg\/index.php?rest_route=%2Fwp%2Fv2%2Fmedia&parent=444"}],"curies":[{"name":"wp","href":"https:\/\/api.w.org\/{rel}","templated":true}]}}