{"id":7,"date":"2023-12-13T20:22:27","date_gmt":"2023-12-13T19:22:27","guid":{"rendered":"https:\/\/alpenlandmagazin.at\/hochnachhaltig\/?page_id=7"},"modified":"2025-12-30T16:10:45","modified_gmt":"2025-12-30T15:10:45","slug":"wie-man-die-welt-rettet-und-dabei-geld-spart","status":"publish","type":"page","link":"https:\/\/alpenlandmagazin.at\/hochnachhaltig\/","title":{"rendered":"Home"},"content":{"rendered":"\n<div class=\"wp-block-cover alignfull is-light has-parallax\" style=\"min-height:568px;aspect-ratio:unset;\"><div class=\"wp-block-cover__image-background has-parallax\" style=\"background-position:50% 50%;background-image:url(https:\/\/alpenlandmagazin.at\/hochnachhaltig\/wp-content\/themes\/neve\/assets\/img\/starter-content\/hero.jpg)\"><\/div><span aria-hidden=\"true\" class=\"wp-block-cover__background has-background-dim-0 has-background-dim\"><\/span><div class=\"wp-block-cover__inner-container is-layout-flow wp-block-cover-is-layout-flow\">\n<div style=\"height:21px\" aria-hidden=\"true\" class=\"wp-block-spacer\"><\/div>\n\n\n\n<h1 class=\"wp-block-heading has-text-align-center has-text-color\" style=\"color:#121212\">&#8222;Wie man die Welt rettet<br>und dabei Geld spart.&#8220;<\/h1>\n\n\n\n<p class=\"has-text-align-center has-text-color\" style=\"color:#121212;font-size:17px\">Jeder von uns kann die Welt retten. Nicht immer spart man dabei Geld, aber meistens doch.<br>Vor allem, wenn es um Photovoltaik und Smarthome geht. In meinen Videos und mit dieser Website zeige ich Euch,<br>wie ich das alles mache, wo die Herausforderungen liegen und wie Ihr Dinge nachmachen k\u00f6nnt. <\/p>\n\n\n\n<div style=\"height:21px\" aria-hidden=\"true\" class=\"wp-block-spacer\"><\/div>\n\n\n\n<div style=\"height:21px\" aria-hidden=\"true\" class=\"wp-block-spacer\"><\/div>\n\n\n\n<p><\/p>\n<\/div><\/div>\n\n\n\n<div style=\"height:21px\" aria-hidden=\"true\" class=\"wp-block-spacer\"><\/div>\n\n\n\n<div class=\"wp-block-cover alignfull is-light\" style=\"min-height:483px;aspect-ratio:unset;\"><span aria-hidden=\"true\" class=\"wp-block-cover__background has-nv-light-bg-background-color has-background-dim-100 has-background-dim\"><\/span><div class=\"wp-block-cover__inner-container is-layout-flow wp-block-cover-is-layout-flow\">\n<div class=\"wp-block-group\"><div class=\"wp-block-group__inner-container is-layout-flow wp-block-group-is-layout-flow\">\n<div class=\"wp-block-columns are-vertically-aligned-center is-layout-flex wp-container-core-columns-is-layout-9d6595d7 wp-block-columns-is-layout-flex\">\n<div class=\"wp-block-column is-vertically-aligned-center is-layout-flow wp-block-column-is-layout-flow\" style=\"flex-basis:50%\"><div class=\"epyt-video-wrapper\"><div  id=\"_ytid_75434\"  width=\"1200\" height=\"675\"  data-origwidth=\"1200\" data-origheight=\"675\" data-facadesrc=\"https:\/\/www.youtube.com\/embed\/8iKezq_fj1M?enablejsapi=1&#038;origin=https:\/\/alpenlandmagazin.at&#038;autoplay=0&#038;cc_load_policy=0&#038;cc_lang_pref=de&#038;iv_load_policy=1&#038;loop=0&#038;rel=0&#038;fs=1&#038;playsinline=1&#038;autohide=2&#038;theme=dark&#038;color=red&#038;controls=1&#038;disablekb=0&#038;\" class=\"__youtube_prefs__ epyt-facade no-lazyload\" data-epautoplay=\"1\" ><img decoding=\"async\" data-spai-excluded=\"true\" class=\"epyt-facade-poster skip-lazy\" loading=\"lazy\"  alt=\"YouTube player\"  src=\"https:\/\/i.ytimg.com\/vi\/8iKezq_fj1M\/maxresdefault.jpg\"  \/><button class=\"epyt-facade-play\" aria-label=\"Play\"><svg data-no-lazy=\"1\" height=\"100%\" version=\"1.1\" viewBox=\"0 0 68 48\" width=\"100%\"><path class=\"ytp-large-play-button-bg\" d=\"M66.52,7.74c-0.78-2.93-2.49-5.41-5.42-6.19C55.79,.13,34,0,34,0S12.21,.13,6.9,1.55 C3.97,2.33,2.27,4.81,1.48,7.74C0.06,13.05,0,24,0,24s0.06,10.95,1.48,16.26c0.78,2.93,2.49,5.41,5.42,6.19 C12.21,47.87,34,48,34,48s21.79-0.13,27.1-1.55c2.93-0.78,4.64-3.26,5.42-6.19C67.94,34.95,68,24,68,24S67.94,13.05,66.52,7.74z\" fill=\"#f00\"><\/path><path d=\"M 45,24 27,14 27,34\" fill=\"#fff\"><\/path><\/svg><\/button><\/div><\/div><\/div>\n\n\n\n<div class=\"wp-block-column is-vertically-aligned-center is-layout-flow wp-block-column-is-layout-flow\" style=\"flex-basis:50%\">\n<h2 class=\"wp-block-heading has-text-align-left has-neve-text-color-color has-text-color\">Videos<\/h2>\n\n\n\n<p class=\"has-text-align-left has-neve-text-color-color has-text-color\" style=\"font-size:17px\">Ich mache seit Kurzem Videos zum Thema Nachhaltigkeit. Diese sind zugegebener Ma\u00dfen videotechnisch ein bisschen unprofessionell, daf\u00fcr aber informativ. So wie das Video links.<\/p>\n\n\n\n<p>Meine Videos besch\u00e4ftigen sich vor allem mit Photovoltaik, Smarthome, Elektromobilit\u00e4t, Insell\u00f6sungen und der Frage, wie wir alle die Welt retten k\u00f6nnen. Diese Website ist dazu da, vertiefende Inhalte zu den Videos anzubieten.<\/p>\n<\/div>\n<\/div>\n<\/div><\/div>\n<\/div><\/div>\n\n\n\n<div class=\"wp-block-cover alignfull is-light\" style=\"min-height:521px;aspect-ratio:unset;\"><span aria-hidden=\"true\" class=\"wp-block-cover__background has-nv-site-bg-background-color has-background-dim-100 has-background-dim\"><\/span><div class=\"wp-block-cover__inner-container is-layout-flow wp-block-cover-is-layout-flow\">\n<div class=\"wp-block-group\"><div class=\"wp-block-group__inner-container is-layout-flow wp-block-group-is-layout-flow\">\n<div class=\"wp-block-columns are-vertically-aligned-center is-layout-flex wp-container-core-columns-is-layout-9d6595d7 wp-block-columns-is-layout-flex\">\n<div class=\"wp-block-column is-vertically-aligned-center is-layout-flow wp-block-column-is-layout-flow\" style=\"flex-basis:50%\">\n<p><\/p>\n\n\n\n<h2 class=\"wp-block-heading has-text-align-left has-neve-text-color-color has-text-color\">Informationen<\/h2>\n\n\n\n<p class=\"has-text-align-left has-neve-text-color-color has-text-color\" style=\"font-size:17px\">Zus\u00e4tzlich zu meinen Videos m\u00f6chte ich hier in die Tiefe gehen und Euch einen Zusatznutzen bieten. Zu jedem einzelnen Video gibt es hier noch mehr Informationen und noch mehr Details dazu, wie ich das mache mit der Nachhaltigkeit. Hier lasse ich die Hosen runter und gebe Euch Einblicke, die ich in den Videos nicht unterbringe.<\/p>\n\n\n\n<div class=\"wp-block-buttons is-layout-flex wp-block-buttons-is-layout-flex\">\n<div class=\"wp-block-button\"><a class=\"wp-block-button__link wp-element-button\" href=\"https:\/\/alpenlandmagazin.at\/hochnachhaltig\/?page_id=12\">Informationen zur Weltrettung<\/a><\/div>\n<\/div>\n<\/div>\n\n\n\n<div class=\"wp-block-column is-vertically-aligned-center is-layout-flow wp-block-column-is-layout-flow\" style=\"flex-basis:50%\">\n<figure class=\"wp-block-image size-large\"><img loading=\"lazy\" decoding=\"async\" width=\"1024\" height=\"683\" src=\"https:\/\/alpenlandmagazin.at\/hochnachhaltig\/wp-content\/uploads\/2023\/12\/595980_original_R_K_B_by_JMG_pixelio.de_-1024x683.jpg\" alt=\"\" class=\"wp-image-47\" srcset=\"https:\/\/alpenlandmagazin.at\/hochnachhaltig\/wp-content\/uploads\/2023\/12\/595980_original_R_K_B_by_JMG_pixelio.de_-1024x683.jpg 1024w, https:\/\/alpenlandmagazin.at\/hochnachhaltig\/wp-content\/uploads\/2023\/12\/595980_original_R_K_B_by_JMG_pixelio.de_-300x200.jpg 300w, https:\/\/alpenlandmagazin.at\/hochnachhaltig\/wp-content\/uploads\/2023\/12\/595980_original_R_K_B_by_JMG_pixelio.de_-768x512.jpg 768w, https:\/\/alpenlandmagazin.at\/hochnachhaltig\/wp-content\/uploads\/2023\/12\/595980_original_R_K_B_by_JMG_pixelio.de_-1536x1024.jpg 1536w, https:\/\/alpenlandmagazin.at\/hochnachhaltig\/wp-content\/uploads\/2023\/12\/595980_original_R_K_B_by_JMG_pixelio.de_-2048x1365.jpg 2048w, https:\/\/alpenlandmagazin.at\/hochnachhaltig\/wp-content\/uploads\/2023\/12\/595980_original_R_K_B_by_JMG_pixelio.de_-930x620.jpg 930w\" sizes=\"auto, (max-width: 1024px) 100vw, 1024px\" \/><\/figure>\n<\/div>\n<\/div>\n<\/div><\/div>\n<\/div><\/div>\n","protected":false},"excerpt":{"rendered":"","protected":false},"author":1,"featured_media":311,"parent":0,"menu_order":0,"comment_status":"closed","ping_status":"closed","template":"","meta":{"neve_meta_sidebar":"","neve_meta_container":"","neve_meta_enable_content_width":"on","neve_meta_content_width":100,"neve_meta_title_alignment":"","neve_meta_author_avatar":"","neve_post_elements_order":"","neve_meta_disable_header":"","neve_meta_disable_footer":"","neve_meta_disable_title":"on","footnotes":""},"class_list":["post-7","page","type-page","status-publish","has-post-thumbnail","hentry"],"yoast_head":"<!-- This site is optimized with the Yoast SEO plugin v26.6 - https:\/\/yoast.com\/wordpress\/plugins\/seo\/ -->\n<title>hoch.nachhaltig - Berge. Umwelt. Selbstwirksamkeit.<\/title>\n<meta name=\"description\" content=\"Wie man die Welt rettet und dabei Geld spart. Jeder von uns kann die Welt retten. Nicht immer spart man dabei Geld, aber meistens doch.\" \/>\n<meta name=\"robots\" content=\"index, follow, max-snippet:-1, max-image-preview:large, max-video-preview:-1\" \/>\n<link rel=\"canonical\" href=\"https:\/\/alpenlandmagazin.at\/hochnachhaltig\/\" \/>\n<meta property=\"og:locale\" content=\"de_DE\" \/>\n<meta property=\"og:type\" content=\"article\" \/>\n<meta property=\"og:title\" content=\"hoch.nachhaltig - Berge. Umwelt. Selbstwirksamkeit.\" \/>\n<meta property=\"og:description\" content=\"Wie man die Welt rettet und dabei Geld spart. Jeder von uns kann die Welt retten. Nicht immer spart man dabei Geld, aber meistens doch.\" \/>\n<meta property=\"og:url\" content=\"https:\/\/alpenlandmagazin.at\/hochnachhaltig\/\" \/>\n<meta property=\"og:site_name\" content=\"hoch.nachhaltig - Berge. Umwelt. Selbstwirksamkeit.\" \/>\n<meta property=\"article:modified_time\" content=\"2025-12-30T15:10:45+00:00\" \/>\n<meta property=\"og:image\" content=\"https:\/\/alpenlandmagazin.at\/hochnachhaltig\/wp-content\/uploads\/2025\/06\/hero-e1756631761271.jpg\" \/>\n\t<meta property=\"og:image:width\" content=\"1920\" \/>\n\t<meta property=\"og:image:height\" content=\"816\" \/>\n\t<meta property=\"og:image:type\" content=\"image\/jpeg\" \/>\n<meta name=\"twitter:card\" content=\"summary_large_image\" \/>\n<meta name=\"twitter:label1\" content=\"Gesch\u00e4tzte Lesezeit\" \/>\n\t<meta name=\"twitter:data1\" content=\"2 Minuten\" \/>\n<script type=\"application\/ld+json\" class=\"yoast-schema-graph\">{\"@context\":\"https:\/\/schema.org\",\"@graph\":[{\"@type\":\"WebPage\",\"@id\":\"https:\/\/alpenlandmagazin.at\/hochnachhaltig\/\",\"url\":\"https:\/\/alpenlandmagazin.at\/hochnachhaltig\/\",\"name\":\"hoch.nachhaltig - Berge. Umwelt. Selbstwirksamkeit.\",\"isPartOf\":{\"@id\":\"https:\/\/alpenlandmagazin.at\/hochnachhaltig\/#website\"},\"primaryImageOfPage\":{\"@id\":\"https:\/\/alpenlandmagazin.at\/hochnachhaltig\/#primaryimage\"},\"image\":{\"@id\":\"https:\/\/alpenlandmagazin.at\/hochnachhaltig\/#primaryimage\"},\"thumbnailUrl\":\"https:\/\/alpenlandmagazin.at\/hochnachhaltig\/wp-content\/uploads\/2025\/06\/hero-e1756631761271.jpg\",\"datePublished\":\"2023-12-13T19:22:27+00:00\",\"dateModified\":\"2025-12-30T15:10:45+00:00\",\"description\":\"Wie man die Welt rettet und dabei Geld spart. Jeder von uns kann die Welt retten. Nicht immer spart man dabei Geld, aber meistens doch.\",\"breadcrumb\":{\"@id\":\"https:\/\/alpenlandmagazin.at\/hochnachhaltig\/#breadcrumb\"},\"inLanguage\":\"de-AT\",\"potentialAction\":[{\"@type\":\"ReadAction\",\"target\":[\"https:\/\/alpenlandmagazin.at\/hochnachhaltig\/\"]}]},{\"@type\":\"ImageObject\",\"inLanguage\":\"de-AT\",\"@id\":\"https:\/\/alpenlandmagazin.at\/hochnachhaltig\/#primaryimage\",\"url\":\"https:\/\/alpenlandmagazin.at\/hochnachhaltig\/wp-content\/uploads\/2025\/06\/hero-e1756631761271.jpg\",\"contentUrl\":\"https:\/\/alpenlandmagazin.at\/hochnachhaltig\/wp-content\/uploads\/2025\/06\/hero-e1756631761271.jpg\",\"width\":1920,\"height\":816},{\"@type\":\"BreadcrumbList\",\"@id\":\"https:\/\/alpenlandmagazin.at\/hochnachhaltig\/#breadcrumb\",\"itemListElement\":[{\"@type\":\"ListItem\",\"position\":1,\"name\":\"Startseite\",\"item\":\"https:\/\/alpenlandmagazin.at\/hochnachhaltig\/\"},{\"@type\":\"ListItem\",\"position\":2,\"name\":\"Home\"}]},{\"@type\":\"WebSite\",\"@id\":\"https:\/\/alpenlandmagazin.at\/hochnachhaltig\/#website\",\"url\":\"https:\/\/alpenlandmagazin.at\/hochnachhaltig\/\",\"name\":\"hoch.nachhaltig - Berge. Umwelt. Selbstwirksamkeit.\",\"description\":\"Wie man die Welt rettet und dabei Geld spart.\",\"publisher\":{\"@id\":\"https:\/\/alpenlandmagazin.at\/hochnachhaltig\/#\/schema\/person\/cde7b4195499a8410a9ab4304ba1a6fe\"},\"alternateName\":\"hoch.nachhaltig\",\"potentialAction\":[{\"@type\":\"SearchAction\",\"target\":{\"@type\":\"EntryPoint\",\"urlTemplate\":\"https:\/\/alpenlandmagazin.at\/hochnachhaltig\/?s={search_term_string}\"},\"query-input\":{\"@type\":\"PropertyValueSpecification\",\"valueRequired\":true,\"valueName\":\"search_term_string\"}}],\"inLanguage\":\"de-AT\"},{\"@type\":[\"Person\",\"Organization\"],\"@id\":\"https:\/\/alpenlandmagazin.at\/hochnachhaltig\/#\/schema\/person\/cde7b4195499a8410a9ab4304ba1a6fe\",\"name\":\"Christian Schreiter\",\"image\":{\"@type\":\"ImageObject\",\"inLanguage\":\"de-AT\",\"@id\":\"https:\/\/alpenlandmagazin.at\/hochnachhaltig\/#\/schema\/person\/image\/\",\"url\":\"https:\/\/alpenlandmagazin.at\/hochnachhaltig\/wp-content\/uploads\/2023\/12\/logo11_4_172949.png\",\"contentUrl\":\"https:\/\/alpenlandmagazin.at\/hochnachhaltig\/wp-content\/uploads\/2023\/12\/logo11_4_172949.png\",\"width\":2000,\"height\":2000,\"caption\":\"Christian Schreiter\"},\"logo\":{\"@id\":\"https:\/\/alpenlandmagazin.at\/hochnachhaltig\/#\/schema\/person\/image\/\"}}]}<\/script>\n<!-- \/ Yoast SEO plugin. -->","yoast_head_json":{"title":"hoch.nachhaltig - Berge. Umwelt. Selbstwirksamkeit.","description":"Wie man die Welt rettet und dabei Geld spart. Jeder von uns kann die Welt retten. Nicht immer spart man dabei Geld, aber meistens doch.","robots":{"index":"index","follow":"follow","max-snippet":"max-snippet:-1","max-image-preview":"max-image-preview:large","max-video-preview":"max-video-preview:-1"},"canonical":"https:\/\/alpenlandmagazin.at\/hochnachhaltig\/","og_locale":"de_DE","og_type":"article","og_title":"hoch.nachhaltig - Berge. Umwelt. Selbstwirksamkeit.","og_description":"Wie man die Welt rettet und dabei Geld spart. Jeder von uns kann die Welt retten. Nicht immer spart man dabei Geld, aber meistens doch.","og_url":"https:\/\/alpenlandmagazin.at\/hochnachhaltig\/","og_site_name":"hoch.nachhaltig - Berge. Umwelt. Selbstwirksamkeit.","article_modified_time":"2025-12-30T15:10:45+00:00","og_image":[{"width":1920,"height":816,"url":"https:\/\/alpenlandmagazin.at\/hochnachhaltig\/wp-content\/uploads\/2025\/06\/hero-e1756631761271.jpg","type":"image\/jpeg"}],"twitter_card":"summary_large_image","twitter_misc":{"Gesch\u00e4tzte Lesezeit":"2 Minuten"},"schema":{"@context":"https:\/\/schema.org","@graph":[{"@type":"WebPage","@id":"https:\/\/alpenlandmagazin.at\/hochnachhaltig\/","url":"https:\/\/alpenlandmagazin.at\/hochnachhaltig\/","name":"hoch.nachhaltig - Berge. Umwelt. Selbstwirksamkeit.","isPartOf":{"@id":"https:\/\/alpenlandmagazin.at\/hochnachhaltig\/#website"},"primaryImageOfPage":{"@id":"https:\/\/alpenlandmagazin.at\/hochnachhaltig\/#primaryimage"},"image":{"@id":"https:\/\/alpenlandmagazin.at\/hochnachhaltig\/#primaryimage"},"thumbnailUrl":"https:\/\/alpenlandmagazin.at\/hochnachhaltig\/wp-content\/uploads\/2025\/06\/hero-e1756631761271.jpg","datePublished":"2023-12-13T19:22:27+00:00","dateModified":"2025-12-30T15:10:45+00:00","description":"Wie man die Welt rettet und dabei Geld spart. Jeder von uns kann die Welt retten. Nicht immer spart man dabei Geld, aber meistens doch.","breadcrumb":{"@id":"https:\/\/alpenlandmagazin.at\/hochnachhaltig\/#breadcrumb"},"inLanguage":"de-AT","potentialAction":[{"@type":"ReadAction","target":["https:\/\/alpenlandmagazin.at\/hochnachhaltig\/"]}]},{"@type":"ImageObject","inLanguage":"de-AT","@id":"https:\/\/alpenlandmagazin.at\/hochnachhaltig\/#primaryimage","url":"https:\/\/alpenlandmagazin.at\/hochnachhaltig\/wp-content\/uploads\/2025\/06\/hero-e1756631761271.jpg","contentUrl":"https:\/\/alpenlandmagazin.at\/hochnachhaltig\/wp-content\/uploads\/2025\/06\/hero-e1756631761271.jpg","width":1920,"height":816},{"@type":"BreadcrumbList","@id":"https:\/\/alpenlandmagazin.at\/hochnachhaltig\/#breadcrumb","itemListElement":[{"@type":"ListItem","position":1,"name":"Startseite","item":"https:\/\/alpenlandmagazin.at\/hochnachhaltig\/"},{"@type":"ListItem","position":2,"name":"Home"}]},{"@type":"WebSite","@id":"https:\/\/alpenlandmagazin.at\/hochnachhaltig\/#website","url":"https:\/\/alpenlandmagazin.at\/hochnachhaltig\/","name":"hoch.nachhaltig - Berge. Umwelt. Selbstwirksamkeit.","description":"Wie man die Welt rettet und dabei Geld spart.","publisher":{"@id":"https:\/\/alpenlandmagazin.at\/hochnachhaltig\/#\/schema\/person\/cde7b4195499a8410a9ab4304ba1a6fe"},"alternateName":"hoch.nachhaltig","potentialAction":[{"@type":"SearchAction","target":{"@type":"EntryPoint","urlTemplate":"https:\/\/alpenlandmagazin.at\/hochnachhaltig\/?s={search_term_string}"},"query-input":{"@type":"PropertyValueSpecification","valueRequired":true,"valueName":"search_term_string"}}],"inLanguage":"de-AT"},{"@type":["Person","Organization"],"@id":"https:\/\/alpenlandmagazin.at\/hochnachhaltig\/#\/schema\/person\/cde7b4195499a8410a9ab4304ba1a6fe","name":"Christian Schreiter","image":{"@type":"ImageObject","inLanguage":"de-AT","@id":"https:\/\/alpenlandmagazin.at\/hochnachhaltig\/#\/schema\/person\/image\/","url":"https:\/\/alpenlandmagazin.at\/hochnachhaltig\/wp-content\/uploads\/2023\/12\/logo11_4_172949.png","contentUrl":"https:\/\/alpenlandmagazin.at\/hochnachhaltig\/wp-content\/uploads\/2023\/12\/logo11_4_172949.png","width":2000,"height":2000,"caption":"Christian Schreiter"},"logo":{"@id":"https:\/\/alpenlandmagazin.at\/hochnachhaltig\/#\/schema\/person\/image\/"}}]}},"_links":{"self":[{"href":"https:\/\/alpenlandmagazin.at\/hochnachhaltig\/wp-json\/wp\/v2\/pages\/7","targetHints":{"allow":["GET"]}}],"collection":[{"href":"https:\/\/alpenlandmagazin.at\/hochnachhaltig\/wp-json\/wp\/v2\/pages"}],"about":[{"href":"https:\/\/alpenlandmagazin.at\/hochnachhaltig\/wp-json\/wp\/v2\/types\/page"}],"author":[{"embeddable":true,"href":"https:\/\/alpenlandmagazin.at\/hochnachhaltig\/wp-json\/wp\/v2\/users\/1"}],"replies":[{"embeddable":true,"href":"https:\/\/alpenlandmagazin.at\/hochnachhaltig\/wp-json\/wp\/v2\/comments?post=7"}],"version-history":[{"count":43,"href":"https:\/\/alpenlandmagazin.at\/hochnachhaltig\/wp-json\/wp\/v2\/pages\/7\/revisions"}],"predecessor-version":[{"id":384,"href":"https:\/\/alpenlandmagazin.at\/hochnachhaltig\/wp-json\/wp\/v2\/pages\/7\/revisions\/384"}],"wp:featuredmedia":[{"embeddable":true,"href":"https:\/\/alpenlandmagazin.at\/hochnachhaltig\/wp-json\/wp\/v2\/media\/311"}],"wp:attachment":[{"href":"https:\/\/alpenlandmagazin.at\/hochnachhaltig\/wp-json\/wp\/v2\/media?parent=7"}],"curies":[{"name":"wp","href":"https:\/\/api.w.org\/{rel}","templated":true}]}}